{"id":707,"date":"2018-09-24T08:36:44","date_gmt":"2018-09-24T08:36:44","guid":{"rendered":"https:\/\/kirmin.web.th-koeln.de\/?page_id=707"},"modified":"2024-06-27T14:31:54","modified_gmt":"2024-06-27T14:31:54","slug":"publikationen","status":"publish","type":"page","link":"https:\/\/kirmin.web.th-koeln.de\/?page_id=707","title":{"rendered":"Publikationen"},"content":{"rendered":"<div class=\"wp-block-image\">\n<figure class=\"aligncenter\"><a href=\"https:\/\/kirmin.web.th-koeln.de\/wp-content\/uploads\/2019\/05\/KIRMin-Wege-zu-einem-Mindestversorgungskonzept.pdf\" rel=\"noopener\"><img loading=\"lazy\" decoding=\"async\" width=\"212\" height=\"300\" src=\"https:\/\/kirmin.web.th-koeln.de\/wp-content\/uploads\/2019\/04\/KIRMin-Wege-zu-einem-Mindestversorgungskonzept-1-212x300.jpg\" alt=\"\" class=\"wp-image-840\" srcset=\"https:\/\/kirmin.web.th-koeln.de\/wp-content\/uploads\/2019\/04\/KIRMin-Wege-zu-einem-Mindestversorgungskonzept-1-212x300.jpg 212w, https:\/\/kirmin.web.th-koeln.de\/wp-content\/uploads\/2019\/04\/KIRMin-Wege-zu-einem-Mindestversorgungskonzept-1-768x1086.jpg 768w, https:\/\/kirmin.web.th-koeln.de\/wp-content\/uploads\/2019\/04\/KIRMin-Wege-zu-einem-Mindestversorgungskonzept-1-724x1024.jpg 724w, https:\/\/kirmin.web.th-koeln.de\/wp-content\/uploads\/2019\/04\/KIRMin-Wege-zu-einem-Mindestversorgungskonzept-1-700x990.jpg 700w, https:\/\/kirmin.web.th-koeln.de\/wp-content\/uploads\/2019\/04\/KIRMin-Wege-zu-einem-Mindestversorgungskonzept-1-520x735.jpg 520w, https:\/\/kirmin.web.th-koeln.de\/wp-content\/uploads\/2019\/04\/KIRMin-Wege-zu-einem-Mindestversorgungskonzept-1-360x509.jpg 360w, https:\/\/kirmin.web.th-koeln.de\/wp-content\/uploads\/2019\/04\/KIRMin-Wege-zu-einem-Mindestversorgungskonzept-1-250x354.jpg 250w, https:\/\/kirmin.web.th-koeln.de\/wp-content\/uploads\/2019\/04\/KIRMin-Wege-zu-einem-Mindestversorgungskonzept-1-100x141.jpg 100w\" sizes=\"auto, (max-width: 212px) 100vw, 212px\" \/><\/a><figcaption class=\"wp-element-caption\"><a style=\"color: #607ea5;\" href=\"https:\/\/kirmin.web.th-koeln.de\/wp-content\/uploads\/2019\/05\/KIRMin-Wege-zu-einem-Mindestversorgungskonzept.pdf\">Wege zu einem Mindestversorgungskonzept (PDF \u2013 ca. 14 MB)<\/a><\/figcaption><\/figure>\n<\/div>\n\n\n<p><strong>Im Projekt entstandene Publikationen:<\/strong><\/p>\n\n\n\n<p><strong>DIN<\/strong><\/p>\n\n\n\n<p>DIN SPEC 91390:2019-12: Integriertes Risikomanagement f\u00fcr den Schutz der Bev\u00f6lkerung.  https:\/\/dx.doi.org\/10.31030\/3112471 (<a href=\"https:\/\/www.beuth.de\/de\/technische-regel\/din-spec-91390\/314285886\" target=\"_blank\" rel=\"noreferrer noopener\">Link (\u00f6ffnet in neuem Tab)&#8220;>-&gt;Link<\/a>)<\/p>\n\n\n\n<p><strong>Fachartikel<\/strong><\/p>\n\n\n\n<p>Fekete, A.; Neisser, F.; Tzavella, K. &amp; C. Hetk\u00e4mper (2019)(Hrsg.): Wege zu einem Mindestversorgungskonzept. Kritische Infrastrukturen und Resilienz, K\u00f6ln. ISBN 978-3-946573-14-2. (<a style=\"color: #607ea5;\" href=\"https:\/\/kirmin.web.th-koeln.de\/wp-content\/uploads\/2019\/05\/KIRMin-Wege-zu-einem-Mindestversorgungskonzept.pdf\">-&gt;Link<\/a>)<\/p>\n\n\n\n<p>Dierich, A.; Setiadi, N.; Tzavella, K.; Fekete, A. &amp; F. Neisser (2019): Enhanced Crisis-Preparation of Critical Infrastructures through a Participatory Qualitative-Quantitative Interdependency Analysis Approach. In: Protecting Critical Infrastructures in Crisis Situations Proceedings of the 16th ISCRAM Conference \u2013 Val\u00e8ncia, Spain May 2019. Link: http:\/\/idl.iscram.org\/files\/axeldierich1\/2019\/1801_AxelDierich1_etal2019.pdf<\/p>\n\n\n\n<p>Neisser, F.; Fekete, A.; Dierich, A. &amp; S. Wurbs (2019): Kritische Abh\u00e4ngigkeiten der Wasserver- und -entsorgung. In: energie | wasser-praxis 03\/2019, S. 38-41.<\/p>\n\n\n\n<p>Fekete, A. (2018): Relevanzbewertungsbef\u00e4higung und Ohnmachtserfahrung:&nbsp; Infrastruktur, Wissen und Zeitkritikalit\u00e4t. In: Engels, J. I. &amp; A. Nordmann (Hg.) Was hei\u00dft Kritikalit\u00e4t? Zu einem Schl\u00fcsselbegriff der Debatte um Kritische Infrastrukturen. transcript Verlag, Bielefeld.(<a style=\"color: #607ea5;\" href=\"https:\/\/www.transcript-verlag.de\/978-3-8376-4207-0\/was-heisst-kritikalitaet\/\">-&gt;Link<\/a>)<\/p>\n\n\n\n<p>Fekete, A.; Setiadi, N.; Tzavella, K.; Gabriel, A. &amp;&nbsp; J. Rommelmann (2018): Kritische Infrastrukturen-Resilienz als Mindestversorgungskonzept: Ziele und Inhalte des Forschungsprojekts KIRMin. In: Stephan C.; B\u00e4umer, J.; Norf, C. &amp; A. Fekete (Hg.): Forschung und Lehre am Institut f\u00fcr Rettungsingenieurwesen und Gefahrenabwehr. Beitr\u00e4ge aus Forschungsprojekten sowie Perspektiven von Lehrenden und Studierenden. Integrative Risk and Security Research, 1\/2018, S. 38-43. (<a style=\"color: #607ea5;\" href=\"https:\/\/cos.bibl.th-koeln.de\/frontdoor\/index\/index\/docId\/606\">-&gt;Link<\/a>)<\/p>\n\n\n\n<p>Fekete, A. &amp; F. Fiedrich (Eds.)(2018): Urban Disaster Resilience and Security. Addressing Risks in Societies. The Urban Book Series, Springer. (<a style=\"color: #607ea5;\" href=\"https:\/\/www.springer.com\/in\/book\/9783319686059\">-&gt;Link<\/a>)<\/p>\n\n\n\n<p>Fekete, A. &amp; J. Bogardi (2018): Considerations about Urban Disaster Resilience and Security\u2014Two Concepts in Tandem? In: Fekete, A. &amp; F. Fiedrich (Eds.)(2018): Urban Disaster Resilience and Security. Addressing Risks in Societies. The Urban Book Series, Springer. S. 495-502. (<a style=\"color: #607ea5;\" href=\"https:\/\/link.springer.com\/chapter\/10.1007\/978-3-319-68606-6_28\">-&gt;Link<\/a>)<\/p>\n\n\n\n<p>Fekete, A. (2018): Urban Disaster Resilience and Critical Infrastructure. Habilitationsschrift (habilitation thesis). Universit\u00e4t W\u00fcrzburg, Philosophische Fakult\u00e4t. (<a style=\"color: #607ea5;\" href=\"https:\/\/opus.bibliothek.uni-wuerzburg.de\/frontdoor\/index\/index\/docId\/16325\">-&gt;Link<\/a>)<\/p>\n\n\n\n<p>Garschagen, M. &amp; S. Sandholz (2018): The role of minimum supply and social vulnerability assessment for governing critical infrastructure failure: current gaps and future agenda. In: Natural Hazards and Earth System Science 18, S. 1233-1246. <a style=\"color: #607ea5;\" href=\"https:\/\/www.nat-hazards-earth-syst-sci.net\/18\/1233\/2018\/\">(-&gt;Link)<\/a><\/p>\n\n\n\n<p>Gewehr, M.; Klein, K.; Stock, E. &amp; I. Wienand (2018): Nutzung Geographischer Informationssysteme im Integrierten Risikomanagement. Praktische Anwendung im Forschungsprojekt KIRMin. In: &nbsp;Bev\u00f6lkerungsschutz 3\/2018, S. 26-29. <a style=\"color: #607ea5;\" href=\"https:\/\/www.bbk.bund.de\/SharedDocs\/Downloads\/BBK\/DE\/Publikationen\/Publ_magazin\/bsmag_3_18.pdf?__blob=publicationFile\">(-&gt;Link)<\/a><\/p>\n\n\n\n<p>Lauwe, P. (2018): Integriertes Risikomanagement: Ein strategischer Ansatz f\u00fcr eine intensive Zusammenarbeit im Bev\u00f6lkerungsschutz. In: Bev\u00f6lkerungsschutz 3\/2018, S. 2-5. <a style=\"color: #607ea5;\" href=\"https:\/\/www.bbk.bund.de\/SharedDocs\/Downloads\/BBK\/DE\/Publikationen\/Publ_magazin\/bsmag_3_18.pdf?__blob=publicationFile\">(-&gt;Link)<\/a><\/p>\n\n\n\n<p>Stock, E.; K\u00e4hler, E. &amp; C. Goroncy (2018): Forschung und Standardisierung k\u00f6nnen voneinander profitieren. Erkenntnisse aus dem Forschungsprojekt KIRMin. In: Bev\u00f6lkerungsschutz 3\/2018, S. 30-31. <a style=\"color: #607ea5;\" href=\"https:\/\/www.bbk.bund.de\/SharedDocs\/Downloads\/BBK\/DE\/Publikationen\/Publ_magazin\/bsmag_3_18.pdf?__blob=publicationFile\">(-&gt;Link)<\/a><\/p>\n\n\n\n<p>Fekete, A. (2017). Veranstaltungen und kritische Infrastrukturen. Hilft Resilienz auch hier weiter? In: Veranstaltungen sicher machen. Kultur und Freizeit vor Ort sch\u00fctzen. DStGB Dokumentation NO 141. Deutscher St\u00e4dte- und Gemeindebund (DStGB) Berlin, Juni 2017, S. 30-31. (<a style=\"color: #607ea5;\" href=\"https:\/\/www.dstgb.de\/dstgb\/Homepage\/Publikationen\/Dokumentationen\/Nr.%20141%20-%20Veranstaltungen%20sicher%20machen\/doku141.pdf\">-&gt; Link<\/a>)<\/p>\n\n\n\n<p>Fekete, A., Tzavella, K. &amp; Baumhauer, R. (2017) Spatial exposure aspects contributing to vulnerability and resilience assessments of urban critical infrastructure in a flood and blackout context. In: Natural Hazards 86, Supplement 1, S. 151-176. (<a style=\"color: #607ea5;\" href=\"https:\/\/link.springer.com\/article\/10.1007\/s11069-016-2720-3?wt_mc=Internal.Event.1.SEM.ArticleAuthorAssignedToIssue\">-&gt;Link<\/a>)<\/p>\n\n\n\n<p>Tzavella, K.; Fekete, A.; Fiedrich, F. (2017): Opportunities provided by Geographic Information Systems and Volunteered Geographic Information for a timely Emergency Response during flood events in Cologne, Germany. In: Natural Hazards (Special Issue \u201cRecent innovations in hazard and risk analysis\u201d) 91, Supplement 1, S. 29-57. (<a style=\"color: #607ea5;\" href=\"https:\/\/link.springer.com\/article\/10.1007\/s11069-017-3102-1\">-&gt;Link<\/a>)<\/p>\n\n\n\n<p><strong>Poster<\/strong><\/p>\n\n\n\n<p>Dierich, A. (2019): Analyse wechselseitiger Abh\u00e4ngigkeiten zwischen KRITIS: Grundlage f\u00fcr die Ableitung von Krisenszenarios. (<a style=\"color: #607ea5;\" rel=\"noreferrer noopener\" href=\"https:\/\/kirmin.web.th-koeln.de\/wp-content\/uploads\/2019\/05\/Plakat-Abschluss-KIRMin_inter-3.pdf\" target=\"_blank\">-&gt; Link<\/a>) <\/p>\n\n\n\n<p>Fekete, A.; Hetk\u00e4mper, C. &amp; K. Tzavella (2019): Risikoanalyse der Bev\u00f6lkerung und Infrastruktur am Szenario Extremhochwasser. (<a style=\"color: #607ea5;\" rel=\"noreferrer noopener\" href=\"https:\/\/kirmin.web.th-koeln.de\/wp-content\/uploads\/2019\/05\/Poster_Risikoanalyse-der-Bev%C3%B6lkerung-und-Infrastruktur-am-Szenario-Extremhochwasser.pdf\" target=\"_blank\">-&gt;Link<\/a>) <\/p>\n\n\n\n<p>Garschagen, M.; Sandholz, S.; Wannewitz, M.; Sabelfeld, R. &amp; L. Krist (2019): Vorbereitung auf KRITIS-Ausf\u00e4lle aus Endnutzer-Perspektive. Verortung von Verantwortung, Verwundbarkeit und Mindestversorgung. (<a style=\"color: #607ea5;\" rel=\"noreferrer noopener\" href=\"https:\/\/kirmin.web.th-koeln.de\/wp-content\/uploads\/2019\/05\/Poster_KIRMin_Schlussworkshop_UNU-EHS.pdf\" target=\"_blank\">-&gt;Link<\/a>)<\/p>\n\n\n\n<p>Stock, E.; Klein, K.; Wienand, I. &amp; P. Lauwe (2019):  Ma\u00dfnahmen und Konzepte zur Mindestversorgung. (<a style=\"color: #607ea5;\" rel=\"noreferrer noopener\" href=\"https:\/\/kirmin.web.th-koeln.de\/wp-content\/uploads\/2019\/05\/Poster_KIRMin_Schlussworkshop_BBK.pdf\" target=\"_blank\">-&gt;Link<\/a>)<\/p>\n\n\n\n<p>Fekete, A.; Tzavella, K. &amp; A. Gabriel (2018): Forschungsprojekt KIRMin. Kritische Infrastruktur &#8211; Resilienz als Mindestversorgungskonzept. (<a style=\"color: #607ea5;\" rel=\"noreferrer noopener\" href=\"https:\/\/kirmin.web.th-koeln.de\/wp-content\/uploads\/2018\/09\/KIRMIN-Poster_TH-Koeln_IRG.pdf\" target=\"_blank\">-&gt;Link<\/a>) <\/p>\n\n\n\n<p>Garschagen, M.; Sandholz, S.; Wannewitz, M. &amp; R. Sabelfeld (2018): Vorbereitung auf KRITIS-Ausf\u00e4lle aus Endnutzer-Perspektive. Wer ist wie gut vorbereitet und wo werden Verantwortungen verortet?. (<a style=\"color: #607ea5;\" rel=\"noreferrer noopener\" href=\"https:\/\/kirmin.web.th-koeln.de\/wp-content\/uploads\/2018\/09\/20180413_Poster_KIRMin_UNU-EHS.pdf\" target=\"_blank\">-&gt;Link<\/a>) <\/p>\n\n\n\n<p>Schiller, J. &amp; J. Birkmann (2018): Die KIRMIN-Kriterien zur Bewertung der Resilienz von KRITIS. (<a style=\"color: #607ea5;\" rel=\"noreferrer noopener\" href=\"https:\/\/kirmin.web.th-koeln.de\/wp-content\/uploads\/2018\/07\/Schiller_Poster_KIRMin_BMBF.pdf\" target=\"_blank\">-&gt;Link<\/a>)<\/p>\n\n\n\n<p>Stock, E.; Wienand, I. &amp; P. Lauwe (2018): Das Integrierte Risikomanagement im Bev\u00f6lkerungsschutz. (<a style=\"color: #607ea5;\" href=\"https:\/\/kirmin.web.th-koeln.de\/wp-content\/uploads\/2018\/09\/BBK_KIRMIN-A0.pdf\" target=\"_blank\" rel=\"noreferrer noopener\">-&gt;Link<\/a>)<\/p>\n\n\n\n<p>Dierich, A. (2017): Integrierte Betrachtung verschiedener KRITIS: Analyse wechselseitiger Abh\u00e4ngigkeiten. Schwerpunkt Funktions- und Kommunikationsbeziehungen + \u00dcbertragbarkeit der Methodik. (<a style=\"color: #607ea5;\" rel=\"noreferrer noopener\" href=\"https:\/\/kirmin.web.th-koeln.de\/wp-content\/uploads\/2018\/07\/KIRMin_Poster_Integrierte_Betrachtung_verschiedener_KRITIS_inter_3-1.pdf\" target=\"_blank\">-&gt;Link<\/a>)<\/p>\n\n\n\n<p>Tzavelle, A.; Fekete, A. &amp; F. Fiedrich (2016): DEVELOPMENT OF INDICATOR FOR URBAN RESILIENCE. (<a style=\"color: #607ea5;\" rel=\"noreferrer noopener\" href=\"https:\/\/kirmin.web.th-koeln.de\/?page_id=64&amp;preview_id=64&amp;preview_nonce=f8261b241d&amp;preview=true\" target=\"_blank\">-&gt;Link<\/a>)<\/p>\n\n\n\n<p><strong>Pressemitteilungen<\/strong><\/p>\n\n\n\n<p>Bundesamt f\u00fcr Bev\u00f6lkerungsschutz und Katastrophenhilfe (2019): Abschlussveranstaltung KIRMin: Diskussion und Vernetzung in Bonn. (<a style=\"color: #607ea5;\" href=\"https:\/\/www.bbk.bund.de\/SharedDocs\/Kurzmeldungen\/BBK\/DE\/2019\/05\/Abschlussveranstaltung_KIRMin.html\" target=\"_blank\" rel=\"noreferrer noopener\">-&gt; Link<\/a>)<\/p>\n\n\n\n<p>Pr\u00fcser, M. (2019): KIRMin &#8211; Kritische Infrastrukturen-Resilienz als Mindestversorgungskonzept. In: CRISIS PREVENTION. <a style=\"color: #607ea5;\" rel=\"noreferrer noopener\" href=\"https:\/\/crisis-prevention.de\/katastrophenschutz\/kirmin-kritische-infrastrukturen-resilienz-als-mindestversorgungskonzept.html\" target=\"_blank\">(-&gt;Link<\/a>)<\/p>\n\n\n\n<p>Dierich, A. &amp; S. Wurbs (2019): Abschlussveranstaltung von KIRMin \u2013 Kritische Infrastrukturen-Resilienz als Mindestversorgungskonzept. (<a style=\"color: #607ea5;\" rel=\"noreferrer noopener\" href=\"https:\/\/www.inter3.de\/de\/aktuelles\/details\/article\/abschlussveranstaltung-von-kirmin-kritische-infrastrukturen-resilienz-als-mindestversorgungskonz.html\" target=\"_blank\">-&gt;Link<\/a>)<\/p>\n\n\n\n<p><\/p>\n\n\n\n<p><\/p>\n","protected":false},"excerpt":{"rendered":"<p>Im Projekt entstandene Publikationen: DIN DIN SPEC 91390:2019-12: Integriertes Risikomanagement f\u00fcr den Schutz der Bev\u00f6lkerung. https:\/\/dx.doi.org\/10.31030\/3112471 (Link (\u00f6ffnet in neuem Tab)&#8220;>-&gt;Link) Fachartikel Fekete, A.; Neisser, F.; Tzavella, K. &amp; C. Hetk\u00e4mper (2019)(Hrsg.): Wege zu einem Mindestversorgungskonzept. Kritische Infrastrukturen und Resilienz, [&hellip;]<\/p>\n","protected":false},"author":1,"featured_media":0,"parent":45,"menu_order":0,"comment_status":"closed","ping_status":"closed","template":"","meta":{"footnotes":""},"class_list":["post-707","page","type-page","status-publish","hentry","clearfix"],"_links":{"self":[{"href":"https:\/\/kirmin.web.th-koeln.de\/index.php?rest_route=\/wp\/v2\/pages\/707","targetHints":{"allow":["GET"]}}],"collection":[{"href":"https:\/\/kirmin.web.th-koeln.de\/index.php?rest_route=\/wp\/v2\/pages"}],"about":[{"href":"https:\/\/kirmin.web.th-koeln.de\/index.php?rest_route=\/wp\/v2\/types\/page"}],"author":[{"embeddable":true,"href":"https:\/\/kirmin.web.th-koeln.de\/index.php?rest_route=\/wp\/v2\/users\/1"}],"replies":[{"embeddable":true,"href":"https:\/\/kirmin.web.th-koeln.de\/index.php?rest_route=%2Fwp%2Fv2%2Fcomments&post=707"}],"version-history":[{"count":23,"href":"https:\/\/kirmin.web.th-koeln.de\/index.php?rest_route=\/wp\/v2\/pages\/707\/revisions"}],"predecessor-version":[{"id":1156,"href":"https:\/\/kirmin.web.th-koeln.de\/index.php?rest_route=\/wp\/v2\/pages\/707\/revisions\/1156"}],"up":[{"embeddable":true,"href":"https:\/\/kirmin.web.th-koeln.de\/index.php?rest_route=\/wp\/v2\/pages\/45"}],"wp:attachment":[{"href":"https:\/\/kirmin.web.th-koeln.de\/index.php?rest_route=%2Fwp%2Fv2%2Fmedia&parent=707"}],"curies":[{"name":"wp","href":"https:\/\/api.w.org\/{rel}","templated":true}]}}