{"id":56,"date":"2016-07-27T14:35:53","date_gmt":"2016-07-27T14:35:53","guid":{"rendered":"http:\/\/kirmin.web.th-koeln.de\/?page_id=56"},"modified":"2024-06-27T14:30:14","modified_gmt":"2024-06-27T14:30:14","slug":"definitionen-kritis-und-resilienz","status":"publish","type":"page","link":"https:\/\/kirmin.web.th-koeln.de\/?page_id=56","title":{"rendered":"Konzepte und Definitionen"},"content":{"rendered":"<p><strong>KRITIS-Definition (Nationale Strategie KRITIS, BMI 2009)<\/strong><\/p>\n<p><i>Kritische Infrastrukturen sind Organisationen und Einrichtungen mit wichtiger Bedeutung f\u00fcr das staatliche Gemeinwesen, bei deren Ausfall oder Beeintr\u00e4chtigung nachhaltig wirkende Versorgungsengp\u00e4sse, erhebliche St\u00f6rungen der \u00f6ffentlichen Sicherheit oder andere dramatische Folgen eintreten w\u00fcrden.<\/i><\/p>\n<p><strong>Resilienz-Definition (UNISDR)<\/strong><\/p>\n<p><i>The ability of a system, community or society exposed to hazards to resist, absorb, accommodate to and recover from the effects of a hazard in a timely and efficient manner, including through the preservation and restoration of its essential basic structures and functions<\/i><\/p>\n<p><em>Zur\u00fcck\/weiter zu:<\/em><\/p>\n<p><span style=\"color: #607ea5;\"><strong><a style=\"color: #607ea5;\" href=\"http:\/\/kirmin.web.th-koeln.de\/?page_id=56\">\u21d2 <\/a><a style=\"color: #607ea5;\" href=\"http:\/\/kirmin.web.th-koeln.de\/?page_id=45\">Inhalt\/Hintergrund<\/a><\/strong><\/span><\/p>\n<p><span style=\"color: #607ea5;\"><strong><a style=\"color: #607ea5;\" href=\"http:\/\/kirmin.web.th-koeln.de\/?page_id=56\">\u21d2 <\/a><a style=\"color: #607ea5;\" href=\"http:\/\/kirmin.web.th-koeln.de\/?page_id=64\">Ergebnisse<\/a><\/strong><\/span><\/p>\n<p><strong><span style=\"color: #607ea5;\"><a style=\"color: #607ea5;\" href=\"http:\/\/kirmin.web.th-koeln.de\/?page_id=56\">\u21d2<\/a> <\/span><a href=\"http:\/\/kirmin.web.th-koeln.de\/?page_id=60\"><span style=\"color: #607ea5;\">Ziele<\/span><\/a><\/strong><\/p>\n<p><em>Quellen:<\/em><\/p>\n<p><em>BMI &#8211; Bundesministerium des Innern (2014): Nationale Strategie zum Schutz kritischer Infrastrukturen (KRITIS Strategie). Berlin.<\/em><\/p>\n<p><em>The United Nations Office for Disaster Risk Reduction: Terminology. Resilience. Online verf\u00fcgbar unter https:\/\/www.unisdr.org\/we\/inform\/terminology#letter-r, zuletzt gepr\u00fcft am 14.10.2016.<\/em><\/p>\n","protected":false},"excerpt":{"rendered":"<p>KRITIS-Definition (Nationale Strategie KRITIS, BMI 2009) Kritische Infrastrukturen sind Organisationen und Einrichtungen mit wichtiger Bedeutung f\u00fcr das staatliche Gemeinwesen, bei deren Ausfall oder Beeintr\u00e4chtigung nachhaltig wirkende Versorgungsengp\u00e4sse, erhebliche St\u00f6rungen der \u00f6ffentlichen Sicherheit oder andere dramatische Folgen eintreten w\u00fcrden. Resilienz-Definition (UNISDR) [&hellip;]<\/p>\n","protected":false},"author":1,"featured_media":0,"parent":45,"menu_order":0,"comment_status":"closed","ping_status":"closed","template":"","meta":{"footnotes":""},"class_list":["post-56","page","type-page","status-publish","hentry","clearfix"],"_links":{"self":[{"href":"https:\/\/kirmin.web.th-koeln.de\/index.php?rest_route=\/wp\/v2\/pages\/56","targetHints":{"allow":["GET"]}}],"collection":[{"href":"https:\/\/kirmin.web.th-koeln.de\/index.php?rest_route=\/wp\/v2\/pages"}],"about":[{"href":"https:\/\/kirmin.web.th-koeln.de\/index.php?rest_route=\/wp\/v2\/types\/page"}],"author":[{"embeddable":true,"href":"https:\/\/kirmin.web.th-koeln.de\/index.php?rest_route=\/wp\/v2\/users\/1"}],"replies":[{"embeddable":true,"href":"https:\/\/kirmin.web.th-koeln.de\/index.php?rest_route=%2Fwp%2Fv2%2Fcomments&post=56"}],"version-history":[{"count":23,"href":"https:\/\/kirmin.web.th-koeln.de\/index.php?rest_route=\/wp\/v2\/pages\/56\/revisions"}],"predecessor-version":[{"id":1153,"href":"https:\/\/kirmin.web.th-koeln.de\/index.php?rest_route=\/wp\/v2\/pages\/56\/revisions\/1153"}],"up":[{"embeddable":true,"href":"https:\/\/kirmin.web.th-koeln.de\/index.php?rest_route=\/wp\/v2\/pages\/45"}],"wp:attachment":[{"href":"https:\/\/kirmin.web.th-koeln.de\/index.php?rest_route=%2Fwp%2Fv2%2Fmedia&parent=56"}],"curies":[{"name":"wp","href":"https:\/\/api.w.org\/{rel}","templated":true}]}}