{"id":45,"date":"2016-07-27T14:09:14","date_gmt":"2016-07-27T14:09:14","guid":{"rendered":"http:\/\/kirmin.web.th-koeln.de\/?page_id=45"},"modified":"2024-06-27T14:22:36","modified_gmt":"2024-06-27T14:22:36","slug":"inhalt","status":"publish","type":"page","link":"https:\/\/kirmin.web.th-koeln.de\/?page_id=45","title":{"rendered":"Inhalt"},"content":{"rendered":"<p><strong>Hintergrund<\/strong><\/p>\n<p>Das wichtigste wissenschaftliche und praktische Ziel des Projekts ist es, ein verh\u00e4ltnism\u00e4\u00dfiges und realistisches Mindestversorgungskonzept f\u00fcr Elektrizit\u00e4t und Wasser im Nachgang eines Stromausfalls und damit verbundenen Ausfall der Wasserversorgung sowie anderer Kritischer Infrastrukturen (z.B. Transport und Kommunikation) bereitzustellen.<\/p>\n<p>Ein l\u00e4nger andauernder Ausfall der Energieversorgung mit Strom kann weitreichende Auswirkungen auf andere Kritische Infrastrukturen haben. Trotz gesetzlicher Vorgaben f\u00fcr die Trinkwasserversorgung in Krisensituationen l\u00e4sst sich vermuten, dass insbesondere in l\u00e4ndlichen Gebieten Deutschlands Engp\u00e4sse bei der Trinkwasserversorgung und -entsorgung auftreten k\u00f6nnen (BBK 2010). W\u00e4hrend verschiedene Ausl\u00f6ser f\u00fcr einen langanhaltenden Stromausfall denkbar sind, lassen sich aus der j\u00fcngeren Vergangenheit f\u00fcr Deutschland Szenarien ableiten, die in Zusammenhang mit Extremwetterereignissen stehen. Diese Ereignisse (u.a. die St\u00fcrme Kyrill, Orkan Christian, Orkan Xynthia sowie dem Pfingstunwetter durch das Tiefdruckgebiet Ela) zeigen nicht nur eine hohe Verletzlichkeit wichtiger Systeme und \u00f6konomische Sch\u00e4den in Milliardenh\u00f6he auf, sie unterstreichen auch ver\u00e4nderte Anforderungen an die Gefahrenabwehrbeh\u00f6rden [IPCC 2014].<\/p>\n<p>Kritischen Infrastrukturen weisen in der Regel bedeutende Abh\u00e4ngigkeiten von anderen wichtigen Infrastrukturen auf. So basiert zum Beispiel die Wasserversorgung auf Pumpsystemen, die nur mit Strom betrieben werden k\u00f6nnen. Solche Abh\u00e4ngigkeiten von der Energieversorgung k\u00f6nnen bei gro\u00dffl\u00e4chigen Stromausf\u00e4llen weitreichende Auswirkungen haben. Das Forschungsprojekt KIRMin (Kritische Infrastrukturen-Resilienz als Mindestversorgungskonzept) analysiert die wechselseitigen Abh\u00e4ngigkeiten der Versorgungsnetzwerke in Deutschland. In Fallstudien werden die infrastrukturellen Verflechtungen und das Risiko- und Krisenmanagement in K\u00f6ln, dem Rhein-Erft-Kreis und M\u00fclheim an der Ruhr untersucht. Ziel ist es, die Betreiber kritischer Infrastrukturen in die Lage zu versetzen, sich technisch und organisatorisch vorzubereiten, um eine Krise effektiver zu bew\u00e4ltigen und schneller zum Normalbetrieb zur\u00fcckkehren zu k\u00f6nnen.<\/p>\n<p><strong>Arbeitspakete:<\/strong><\/p>\n<p><img loading=\"lazy\" decoding=\"async\" class=\"alignnone wp-image-46 size-full\" src=\"http:\/\/kirmin.web.th-koeln.de\/wp-content\/uploads\/2016\/07\/\u00dcberblick-ergebnbisse.png\" alt=\"\u00dcberblick Inhalte\" width=\"816\" height=\"685\" srcset=\"https:\/\/kirmin.web.th-koeln.de\/wp-content\/uploads\/2016\/07\/\u00dcberblick-ergebnbisse.png 816w, https:\/\/kirmin.web.th-koeln.de\/wp-content\/uploads\/2016\/07\/\u00dcberblick-ergebnbisse-300x252.png 300w, https:\/\/kirmin.web.th-koeln.de\/wp-content\/uploads\/2016\/07\/\u00dcberblick-ergebnbisse-768x645.png 768w, https:\/\/kirmin.web.th-koeln.de\/wp-content\/uploads\/2016\/07\/\u00dcberblick-ergebnbisse-357x300.png 357w\" sizes=\"auto, (max-width: 816px) 100vw, 816px\" \/><\/p>\n<p>Konsortiums-Leitung: Institut f\u00fcr Rettungsingenieurwesen und Gefahrenabwehr (TH K\u00f6ln )<\/p>\n<p>Leitung API: IREUS (Universit\u00e4t Stuttgart)<\/p>\n<p>Leitung APII und APIII: Institut f\u00fcr Rettungsingenieurwesen und Gefahrenabwehr (TH K\u00f6ln )<\/p>\n<p>Leitung APIV: Bundesamt f\u00fcr Bev\u00f6lkerungsschutz und Katastrophenhilfe<\/p>\n<p><em>Weiter zu:<\/em><\/p>\n<p><span style=\"color: #607ea5;\"><strong><a style=\"color: #607ea5;\" href=\"http:\/\/kirmin.web.th-koeln.de\/?page_id=56\">\u21d2<\/a><a style=\"color: #607ea5;\" href=\"http:\/\/kirmin.web.th-koeln.de\/?page_id=56\"> Konzepte und Definitionen<\/a><\/strong><\/span><\/p>\n<p><span style=\"color: #607ea5;\"><strong><a style=\"color: #607ea5;\" href=\"http:\/\/kirmin.web.th-koeln.de\/?page_id=56\">\u21d2<\/a><a style=\"color: #607ea5;\" href=\"http:\/\/kirmin.web.th-koeln.de\/?page_id=64\"> Ergebnisse<\/a><\/strong><\/span><\/p>\n<p><strong><span style=\"color: #607ea5;\"><a style=\"color: #607ea5;\" href=\"http:\/\/kirmin.web.th-koeln.de\/?page_id=56\">\u21d2<\/a> <\/span><a href=\"http:\/\/kirmin.web.th-koeln.de\/?page_id=60\"><span style=\"color: #607ea5;\">Ziele<\/span><\/a><\/strong><\/p>\n<p><em>Quellen:<\/em><\/p>\n<p><em>BBK \u2013 Bundesamt f\u00fcr Bev\u00f6lkerungsschutz und Katastrophenhilfe (2010) Band 4 \u201cNeue Strategie zum Schutz der Bev\u00f6lkerung\u201d. Bonn.<\/em><\/p>\n","protected":false},"excerpt":{"rendered":"<p>Hintergrund Das wichtigste wissenschaftliche und praktische Ziel des Projekts ist es, ein verh\u00e4ltnism\u00e4\u00dfiges und realistisches Mindestversorgungskonzept f\u00fcr Elektrizit\u00e4t und Wasser im Nachgang eines Stromausfalls und damit verbundenen Ausfall der Wasserversorgung sowie anderer Kritischer Infrastrukturen (z.B. Transport und Kommunikation) bereitzustellen. Ein [&hellip;]<\/p>\n","protected":false},"author":1,"featured_media":0,"parent":0,"menu_order":0,"comment_status":"closed","ping_status":"closed","template":"","meta":{"footnotes":""},"class_list":["post-45","page","type-page","status-publish","hentry","clearfix"],"_links":{"self":[{"href":"https:\/\/kirmin.web.th-koeln.de\/index.php?rest_route=\/wp\/v2\/pages\/45","targetHints":{"allow":["GET"]}}],"collection":[{"href":"https:\/\/kirmin.web.th-koeln.de\/index.php?rest_route=\/wp\/v2\/pages"}],"about":[{"href":"https:\/\/kirmin.web.th-koeln.de\/index.php?rest_route=\/wp\/v2\/types\/page"}],"author":[{"embeddable":true,"href":"https:\/\/kirmin.web.th-koeln.de\/index.php?rest_route=\/wp\/v2\/users\/1"}],"replies":[{"embeddable":true,"href":"https:\/\/kirmin.web.th-koeln.de\/index.php?rest_route=%2Fwp%2Fv2%2Fcomments&post=45"}],"version-history":[{"count":33,"href":"https:\/\/kirmin.web.th-koeln.de\/index.php?rest_route=\/wp\/v2\/pages\/45\/revisions"}],"predecessor-version":[{"id":1145,"href":"https:\/\/kirmin.web.th-koeln.de\/index.php?rest_route=\/wp\/v2\/pages\/45\/revisions\/1145"}],"wp:attachment":[{"href":"https:\/\/kirmin.web.th-koeln.de\/index.php?rest_route=%2Fwp%2Fv2%2Fmedia&parent=45"}],"curies":[{"name":"wp","href":"https:\/\/api.w.org\/{rel}","templated":true}]}}