{"id":125,"date":"2016-10-14T11:36:36","date_gmt":"2016-10-14T11:36:36","guid":{"rendered":"http:\/\/kirmin.web.th-koeln.de\/?page_id=125"},"modified":"2024-06-27T14:39:44","modified_gmt":"2024-06-27T14:39:44","slug":"mitarbeiter","status":"publish","type":"page","link":"https:\/\/kirmin.web.th-koeln.de\/?page_id=125","title":{"rendered":"Mitarbeiter"},"content":{"rendered":"<p><strong><a href=\"https:\/\/www.th-koeln.de\/anlagen-energie-und-maschinensysteme\/institut-fuer-rettungsingenieurwesen-und-gefahrenabwehr_13269.php\"><span style=\"color: #607ea5;\">TH K\u00f6ln &#8211; Institut f\u00fcr Rettungsingenieurwesen (IRG)<\/span><\/a><br \/>\n<\/strong><\/p>\n<p><span style=\"color: #607ea5;\"><a style=\"color: #607ea5;\" href=\"https:\/\/riskncrisis.wordpress.com\/the-team\/alexander-fekete\/\">Prof. Dr. Alexander Fekete<\/a> (Konsortialleitung)<\/span><\/p>\n<p><span style=\"color: #607ea5;\"><a style=\"color: #607ea5;\" href=\"https:\/\/www.th-koeln.de\/personen\/ompe_aime.mudimu\/\">Prof. Dr. Ompe-Aime Mudimu<\/a><\/span><\/p>\n<p><span style=\"color: #607ea5;\"><a style=\"color: #607ea5;\" href=\"https:\/\/riskncrisis.wordpress.com\/the-team\/florian-neisser\/\">Dr. Florian Neisser\u00a0<\/a>(Projektleitung IRG)<\/span><\/p>\n<p><span style=\"color: #607ea5;\"><a style=\"color: #607ea5;\" href=\"https:\/\/riskncrisis.wordpress.com\/the-team\/tzavella_katerina\/\">Katerina Tzavella<\/a><\/span><\/p>\n<p><span style=\"color: #607ea5;\"><a style=\"color: #607ea5;\" href=\"https:\/\/www.th-koeln.de\/personen\/chris.hetkaemper\/\">Chris Hetk\u00e4mper<\/a><\/span><\/p>\n<p><span style=\"color: #607ea5;\"><a style=\"color: #607ea5;\" href=\"http:\/\/www.bbk.bund.de\/DE\/Home\/home_node.html\"><strong>Bundesamt f\u00fcr Bev\u00f6lkerungsschutz und Katastrophenhilfe (BBK)<\/strong><\/a><\/span><\/p>\n<p><span style=\"color: #607ea5;\"><a style=\"color: #607ea5;\" href=\"http:\/\/www.bbk.bund.de\/DE\/AufgabenundAusstattung\/KritischeInfrastrukturen\/Ansprechpartner\/ansprechpartner_node.html\">Peter Lauwe<\/a> (Projektleitung BBK)<\/span><\/p>\n<p><span style=\"color: #607ea5;\"><a style=\"color: #607ea5;\" href=\"http:\/\/www.bbk.bund.de\/DE\/AufgabenundAusstattung\/KritischeInfrastrukturen\/Ansprechpartner\/ansprechpartner_node.html\">Dr. Ina Wienand<\/a><\/span><\/p>\n<p><span style=\"color: #607ea5;\"><a style=\"color: #607ea5;\" href=\"http:\/\/www.bbk.bund.de\/DE\/AufgabenundAusstattung\/KritischeInfrastrukturen\/Ansprechpartner\/ansprechpartner_node.html\">Eva Stock<\/a><\/span><\/p>\n<p><span style=\"color: #607ea5;\"><a style=\"color: #607ea5;\" href=\"https:\/\/www.inter3.de\/\"><strong>inter 3<\/strong><\/a><\/span><\/p>\n<p><span style=\"color: #607ea5;\"><a style=\"color: #607ea5;\" href=\"https:\/\/www.inter3.de\/de\/ueber-uns\/team\/dr-susanne-schoen.html\">Dr. Susanne Sch\u00f6n<\/a> (Projektleitung inter 3)<\/span><\/p>\n<p><span style=\"color: #607ea5;\"><a style=\"color: #607ea5;\" href=\"https:\/\/www.inter3.de\/de\/ueber-uns\/team\/axel-dierich.html\">Axel Dierich<\/a><\/span><\/p>\n<p><span style=\"color: #607ea5;\"><a style=\"color: #607ea5;\" href=\"https:\/\/www.inter3.de\/de\/ueber-uns\/team\/sven-wurbs.html\">Sven Wurbs<\/a><\/span><\/p>\n<p><span style=\"color: #607ea5;\"><a style=\"color: #607ea5;\" href=\"http:\/\/www.uni-stuttgart.de\/ireus\/\"><strong>Institut f\u00fcr Raumordnung und Entwicklungsplanung (IREUS)<\/strong><\/a><\/span><\/p>\n<p><span style=\"color: #607ea5;\"><a style=\"color: #607ea5;\" href=\"http:\/\/www.uni-stuttgart.de\/ireus\/mitarbeiter\/mitarbeiter\/birkmann\/\">Prof. Dr. J\u00f6rn Birkmann<\/a> (Projektleitung IREUS)<\/span><\/p>\n<p><span style=\"color: #607ea5;\"><a style=\"color: #607ea5;\" href=\"http:\/\/www.uni-stuttgart.de\/ireus\/mitarbeiter\/mitarbeiter\/Schiller\/\">Julia Schiller<\/a><\/span><\/p>\n<p><span style=\"color: #607ea5;\"><a style=\"color: #607ea5;\" href=\"https:\/\/ehs.unu.edu\/\"><strong>Institute for Environment and Human Security (UNU-EHS)<\/strong><\/a><\/span><\/p>\n<p><span style=\"color: #607ea5;\"><a style=\"color: #607ea5;\" href=\"https:\/\/ehs.unu.edu\/experts\/researchexperts\/garschagen-matthias.html#profile\">Dr. Matthias Garschagen<\/a> (Projektleitung UNU-EHS)<\/span><\/p>\n<p><span style=\"color: #607ea5;\"><a style=\"color: #607ea5;\" href=\"https:\/\/ehs.unu.edu\/experts\/researchexperts\/simone-sandholz.html#profile\">Dr. Simone Sandholz<\/a><\/span><\/p>\n<p><span style=\"color: #607ea5;\"><a style=\"color: #607ea5;\" href=\"https:\/\/ehs.unu.edu\/experts\/researchexperts\/mia-wannewitz.html#profile\">Mia Wannewitz<\/a><\/span><\/p>\n<p><span style=\"color: #607ea5;\"><a style=\"color: #607ea5;\" href=\"http:\/\/www.din.de\/\"><strong>Deutsches Institut f\u00fcr Normung (DIN e.V.)<\/strong><\/a><\/span><\/p>\n<p><span style=\"color: #607ea5;\"><a style=\"color: #607ea5;\" href=\"http:\/\/www.din.de\/de\">Ren\u00e9 Lindner<\/a> (Projektmanager)<\/span><\/p>\n<p><span style=\"color: #607ea5;\"><a style=\"color: #607ea5;\" href=\"http:\/\/www.din.de\/de\">Christian Goroncy<\/a> (Junior-Projektmanager)<\/span><\/p>\n<p><span style=\"color: #607ea5;\"><a style=\"color: #607ea5;\" href=\"http:\/\/www.din.de\/de\">Anja Nestler<\/a><\/span><\/p>\n<p><span style=\"color: #607ea5;\"><a style=\"color: #607ea5;\" href=\"http:\/\/www.rheinenergie.com\/de\/index.php\"><strong>Rheinenergie K\u00f6ln<\/strong><\/a><\/span><\/p>\n<p><span style=\"color: #607ea5;\"><a style=\"color: #607ea5;\" href=\"https:\/\/www.rww.de\/\"><strong>Rheinisch- Westf\u00e4lische\u00a0 Wasserwerksgesellschaft mbH\/RWE<\/strong><\/a><\/span><\/p>\n<p><span style=\"color: #607ea5;\"><a style=\"color: #607ea5;\" href=\"https:\/\/www.steb-koeln.de\/\"><strong>Stadtentw\u00e4sserungsbetriebe K\u00f6ln A\u00f6R (Steb)<\/strong><\/a><\/span><\/p>\n<p><span style=\"color: #607ea5;\"><a style=\"color: #607ea5;\" href=\"http:\/\/www.stadt-koeln.de\/service\/adressen\/berufsfeuerwehr-amt-fuer-feuerschutz-rettungsdienst-und-bevo\"><strong>Berufsfeuerwehr K\u00f6ln <\/strong><\/a><\/span><\/p>\n<p><span style=\"color: #607ea5;\"><a style=\"color: #607ea5;\" href=\"http:\/\/www.stadt-kerpen.de\/index.phtml?text=Gra%DF&amp;kat=&amp;FID=166.265.1&amp;mNavID=1708.6&amp;ModID=10&amp;zoom=1\"><strong>Amt f\u00fcr Feuerschutz, Rettungsdienst &amp; Katastrophenschutz, Stadt Kerpen und Rhein-Erft-Kreis<\/strong><\/a><\/span><\/p>\n<p><span style=\"color: #607ea5;\"><a style=\"color: #607ea5;\" href=\"http:\/\/www.feuerwehr-muelheim.de\"><strong>Berufsfeuerwehr M\u00fclheim an der Ruhr<\/strong><\/a><\/span><\/p>\n<p><em>Zur\u00fcck zu:<\/em><\/p>\n<p><span style=\"color: #607ea5;\"><strong><a style=\"color: #607ea5;\" href=\"http:\/\/kirmin.web.th-koeln.de\/?page_id=56\">\u21d2<\/a><\/strong> <a style=\"color: #607ea5;\" href=\"http:\/\/kirmin.web.th-koeln.de\/?page_id=118\"><strong>Partner<\/strong><\/a><\/span><\/p>\n","protected":false},"excerpt":{"rendered":"<p>TH K\u00f6ln &#8211; Institut f\u00fcr Rettungsingenieurwesen (IRG) Prof. Dr. Alexander Fekete (Konsortialleitung) Prof. Dr. Ompe-Aime Mudimu Dr. Florian Neisser\u00a0(Projektleitung IRG) Katerina Tzavella Chris Hetk\u00e4mper Bundesamt f\u00fcr Bev\u00f6lkerungsschutz und Katastrophenhilfe (BBK) Peter Lauwe (Projektleitung BBK) Dr. Ina Wienand Eva Stock inter [&hellip;]<\/p>\n","protected":false},"author":1,"featured_media":0,"parent":118,"menu_order":0,"comment_status":"closed","ping_status":"closed","template":"","meta":{"footnotes":""},"class_list":["post-125","page","type-page","status-publish","hentry","clearfix"],"_links":{"self":[{"href":"https:\/\/kirmin.web.th-koeln.de\/index.php?rest_route=\/wp\/v2\/pages\/125","targetHints":{"allow":["GET"]}}],"collection":[{"href":"https:\/\/kirmin.web.th-koeln.de\/index.php?rest_route=\/wp\/v2\/pages"}],"about":[{"href":"https:\/\/kirmin.web.th-koeln.de\/index.php?rest_route=\/wp\/v2\/types\/page"}],"author":[{"embeddable":true,"href":"https:\/\/kirmin.web.th-koeln.de\/index.php?rest_route=\/wp\/v2\/users\/1"}],"replies":[{"embeddable":true,"href":"https:\/\/kirmin.web.th-koeln.de\/index.php?rest_route=%2Fwp%2Fv2%2Fcomments&post=125"}],"version-history":[{"count":50,"href":"https:\/\/kirmin.web.th-koeln.de\/index.php?rest_route=\/wp\/v2\/pages\/125\/revisions"}],"predecessor-version":[{"id":1175,"href":"https:\/\/kirmin.web.th-koeln.de\/index.php?rest_route=\/wp\/v2\/pages\/125\/revisions\/1175"}],"up":[{"embeddable":true,"href":"https:\/\/kirmin.web.th-koeln.de\/index.php?rest_route=\/wp\/v2\/pages\/118"}],"wp:attachment":[{"href":"https:\/\/kirmin.web.th-koeln.de\/index.php?rest_route=%2Fwp%2Fv2%2Fmedia&parent=125"}],"curies":[{"name":"wp","href":"https:\/\/api.w.org\/{rel}","templated":true}]}}