{"id":1135,"date":"2024-06-27T14:08:47","date_gmt":"2024-06-27T14:08:47","guid":{"rendered":"https:\/\/kirmin.web.th-koeln.de\/?page_id=1135"},"modified":"2024-06-27T14:17:43","modified_gmt":"2024-06-27T14:17:43","slug":"startseite-english","status":"publish","type":"page","link":"https:\/\/kirmin.web.th-koeln.de\/?page_id=1135&lang=en","title":{"rendered":"Start"},"content":{"rendered":"\n<div class=\"introduction\">\n<\/div>\n\n\n<div class=\"wp-block-image is-resized\">\n<figure class=\"aligncenter\"><a href=\"https:\/\/kirmin.web.th-koeln.de\/wp-content\/uploads\/2019\/05\/KIRMin-Wege-zu-einem-Mindestversorgungskonzept.pdf\" target=\"_blank\" rel=\"noreferrer noopener\"><img loading=\"lazy\" decoding=\"async\" width=\"724\" height=\"1024\" src=\"https:\/\/kirmin.web.th-koeln.de\/wp-content\/uploads\/2019\/04\/KIRMin-Wege-zu-einem-Mindestversorgungskonzept-1-724x1024.jpg\" alt=\"\" class=\"wp-image-840\" style=\"width:250px\" srcset=\"https:\/\/kirmin.web.th-koeln.de\/wp-content\/uploads\/2019\/04\/KIRMin-Wege-zu-einem-Mindestversorgungskonzept-1-724x1024.jpg 724w, https:\/\/kirmin.web.th-koeln.de\/wp-content\/uploads\/2019\/04\/KIRMin-Wege-zu-einem-Mindestversorgungskonzept-1-212x300.jpg 212w, https:\/\/kirmin.web.th-koeln.de\/wp-content\/uploads\/2019\/04\/KIRMin-Wege-zu-einem-Mindestversorgungskonzept-1-768x1086.jpg 768w, https:\/\/kirmin.web.th-koeln.de\/wp-content\/uploads\/2019\/04\/KIRMin-Wege-zu-einem-Mindestversorgungskonzept-1-700x990.jpg 700w, https:\/\/kirmin.web.th-koeln.de\/wp-content\/uploads\/2019\/04\/KIRMin-Wege-zu-einem-Mindestversorgungskonzept-1-520x735.jpg 520w, https:\/\/kirmin.web.th-koeln.de\/wp-content\/uploads\/2019\/04\/KIRMin-Wege-zu-einem-Mindestversorgungskonzept-1-360x509.jpg 360w, https:\/\/kirmin.web.th-koeln.de\/wp-content\/uploads\/2019\/04\/KIRMin-Wege-zu-einem-Mindestversorgungskonzept-1-250x354.jpg 250w, https:\/\/kirmin.web.th-koeln.de\/wp-content\/uploads\/2019\/04\/KIRMin-Wege-zu-einem-Mindestversorgungskonzept-1-100x141.jpg 100w\" sizes=\"auto, (max-width: 724px) 100vw, 724px\" \/><\/a><figcaption class=\"wp-element-caption\"><a style=\"color: #607ea5;\" rel=\"noreferrer noopener\" href=\"https:\/\/kirmin.web.th-koeln.de\/wp-content\/uploads\/2019\/05\/KIRMin-Wege-zu-einem-Mindesversorgungskonzept.pdf\" target=\"_blank\">Wege zu einem Mindestversorgungskonzept (PDF \u2013 ca. 14 MB)<\/a> <\/figcaption><\/figure>\n<\/div>\n\n\n<div class=\"introduction\">\n<p><em>Sie k\u00f6nnen den Inhalt dieser Website auch in deutscher Sprache anschauen. Benutzen Sie daf\u00fcr den Button &#8222;Deutsch&#8220; auf der rechten Seite (Mobil: Scrollen Sie daf\u00fcr an das Ende dieser Seite und klicken Sie auf den Button &#8222;Deutsch&#8220;.).<\/em><\/p>\n<p>In June 2016 the Institute of Rescue Engineering and Civil Protection (IRG) at the TH Cologne University of Applied Sciences has started a new research project. The three year project CIRmin (Critical Infrastructures Resilience as a minimum Supply Concept) is government &#8211; funded by the German Federal Ministry of Education (BMBF) and Research and supervised by the executing organization VDI (The Association of German Engineers).<\/p>\n<p>Under the coordination of IRG, the interdisciplinary research project CIRmin will identify interdependencies between critical infrastructures in Germany. Further, guidelines for crisis management and civil protection were developed to ensure the Minimum Supply of Infrastructure Services during a blackout.<\/p>\n<\/div>\n\n\n\n<div class=\"wp-block-columns has-2-columns is-layout-flex wp-container-core-columns-is-layout-9d6595d7 wp-block-columns-is-layout-flex\">\n<div class=\"wp-block-column is-layout-flow wp-block-column-is-layout-flow\">\n<figure class=\"wp-block-image\"><img loading=\"lazy\" decoding=\"async\" width=\"1024\" height=\"467\" src=\"https:\/\/kirmin.web.th-koeln.de\/wp-content\/uploads\/2018\/07\/KIRMinLogo_ENG-1024x467.jpeg\" alt=\"\" class=\"wp-image-452\" srcset=\"https:\/\/kirmin.web.th-koeln.de\/wp-content\/uploads\/2018\/07\/KIRMinLogo_ENG-1024x467.jpeg 1024w, https:\/\/kirmin.web.th-koeln.de\/wp-content\/uploads\/2018\/07\/KIRMinLogo_ENG-300x137.jpeg 300w, https:\/\/kirmin.web.th-koeln.de\/wp-content\/uploads\/2018\/07\/KIRMinLogo_ENG-768x350.jpeg 768w, https:\/\/kirmin.web.th-koeln.de\/wp-content\/uploads\/2018\/07\/KIRMinLogo_ENG.jpeg 1079w\" sizes=\"auto, (max-width: 1024px) 100vw, 1024px\" \/><\/figure>\n<\/div>\n\n\n\n<div class=\"wp-block-column is-layout-flow wp-block-column-is-layout-flow\">\n<figure class=\"wp-block-image\"><img loading=\"lazy\" decoding=\"async\" width=\"1024\" height=\"786\" src=\"https:\/\/kirmin.web.th-koeln.de\/wp-content\/uploads\/2016\/07\/Logo_BMBF-Englisch-1024x786.png\" alt=\"\" class=\"wp-image-209\" srcset=\"https:\/\/kirmin.web.th-koeln.de\/wp-content\/uploads\/2016\/07\/Logo_BMBF-Englisch-1024x786.png 1024w, https:\/\/kirmin.web.th-koeln.de\/wp-content\/uploads\/2016\/07\/Logo_BMBF-Englisch-300x230.png 300w, https:\/\/kirmin.web.th-koeln.de\/wp-content\/uploads\/2016\/07\/Logo_BMBF-Englisch-768x590.png 768w, https:\/\/kirmin.web.th-koeln.de\/wp-content\/uploads\/2016\/07\/Logo_BMBF-Englisch-391x300.png 391w, https:\/\/kirmin.web.th-koeln.de\/wp-content\/uploads\/2016\/07\/Logo_BMBF-Englisch.png 1029w\" sizes=\"auto, (max-width: 1024px) 100vw, 1024px\" \/><\/figure>\n<\/div>\n<\/div>\n\n\n\n<div class=\"wp-block-columns has-2-columns is-layout-flex wp-container-core-columns-is-layout-9d6595d7 wp-block-columns-is-layout-flex\">\n<div class=\"wp-block-column is-layout-flow wp-block-column-is-layout-flow\">\n<figure class=\"wp-block-image\"><a href=\"https:\/\/www.sifo.de\/en\/index.html\" target=\"_blank\" rel=\"noreferrer noopener\"><img loading=\"lazy\" decoding=\"async\" width=\"241\" height=\"59\" src=\"https:\/\/kirmin.web.th-koeln.de\/wp-content\/uploads\/2019\/04\/SIFO_ohne_www_BLAU_cmyk_C3.jpg\" alt=\"\" class=\"wp-image-815\" srcset=\"https:\/\/kirmin.web.th-koeln.de\/wp-content\/uploads\/2019\/04\/SIFO_ohne_www_BLAU_cmyk_C3.jpg 241w, https:\/\/kirmin.web.th-koeln.de\/wp-content\/uploads\/2019\/04\/SIFO_ohne_www_BLAU_cmyk_C3-100x24.jpg 100w\" sizes=\"auto, (max-width: 241px) 100vw, 241px\" \/><\/a><\/figure>\n\n\n\n<p><\/p>\n<\/div>\n\n\n\n<div class=\"wp-block-column is-layout-flow wp-block-column-is-layout-flow\"><div class=\"wp-block-image is-resized\">\n<figure class=\"alignleft\"><img loading=\"lazy\" decoding=\"async\" width=\"474\" height=\"474\" src=\"https:\/\/kirmin.web.th-koeln.de\/wp-content\/uploads\/2016\/07\/vdi.png\" alt=\"\" class=\"wp-image-50\" style=\"width:176px;height:auto\" srcset=\"https:\/\/kirmin.web.th-koeln.de\/wp-content\/uploads\/2016\/07\/vdi.png 474w, https:\/\/kirmin.web.th-koeln.de\/wp-content\/uploads\/2016\/07\/vdi-150x150.png 150w, https:\/\/kirmin.web.th-koeln.de\/wp-content\/uploads\/2016\/07\/vdi-300x300.png 300w\" sizes=\"auto, (max-width: 474px) 100vw, 474px\" \/><\/figure>\n<\/div>\n\n\n<p><\/p>\n<\/div>\n<\/div>\n","protected":false},"excerpt":{"rendered":"<p>Sie k\u00f6nnen den Inhalt dieser Website auch in deutscher Sprache anschauen. Benutzen Sie daf\u00fcr den Button &#8222;Deutsch&#8220; auf der rechten Seite (Mobil: Scrollen Sie daf\u00fcr an das Ende dieser Seite und klicken Sie auf den Button &#8222;Deutsch&#8220;.). In June 2016 [&hellip;]<\/p>\n","protected":false},"author":68,"featured_media":0,"parent":0,"menu_order":0,"comment_status":"closed","ping_status":"closed","template":"","meta":{"footnotes":""},"class_list":["post-1135","page","type-page","status-publish","hentry","clearfix"],"_links":{"self":[{"href":"https:\/\/kirmin.web.th-koeln.de\/index.php?rest_route=\/wp\/v2\/pages\/1135","targetHints":{"allow":["GET"]}}],"collection":[{"href":"https:\/\/kirmin.web.th-koeln.de\/index.php?rest_route=\/wp\/v2\/pages"}],"about":[{"href":"https:\/\/kirmin.web.th-koeln.de\/index.php?rest_route=\/wp\/v2\/types\/page"}],"author":[{"embeddable":true,"href":"https:\/\/kirmin.web.th-koeln.de\/index.php?rest_route=\/wp\/v2\/users\/68"}],"replies":[{"embeddable":true,"href":"https:\/\/kirmin.web.th-koeln.de\/index.php?rest_route=%2Fwp%2Fv2%2Fcomments&post=1135"}],"version-history":[{"count":1,"href":"https:\/\/kirmin.web.th-koeln.de\/index.php?rest_route=\/wp\/v2\/pages\/1135\/revisions"}],"predecessor-version":[{"id":1140,"href":"https:\/\/kirmin.web.th-koeln.de\/index.php?rest_route=\/wp\/v2\/pages\/1135\/revisions\/1140"}],"wp:attachment":[{"href":"https:\/\/kirmin.web.th-koeln.de\/index.php?rest_route=%2Fwp%2Fv2%2Fmedia&parent=1135"}],"curies":[{"name":"wp","href":"https:\/\/api.w.org\/{rel}","templated":true}]}}